{"id":323,"date":"2012-03-13T13:39:55","date_gmt":"2012-03-13T12:39:55","guid":{"rendered":"http:\/\/helenenwall.de\/wordpress\/?page_id=323"},"modified":"2020-05-07T17:29:48","modified_gmt":"2020-05-07T15:29:48","slug":"lage","status":"publish","type":"page","link":"https:\/\/helenenwall.de\/nl\/lage\/","title":{"rendered":"Locatie"},"content":{"rendered":"<p><\/p>\n<h3 style=\"text-align: left;\"><span style=\"text-align: left;\">Waar u ons kunt vinden:<\/span><\/h3>\n<p>Ons pension vindt u in Keulen-Deutz, het deel van de stad Keulen aan de rechter kant van de Rijn. Ons gebouw is slechts ca. 200m afstand van de Rijn verwijderd. De binnenstad van Keulen kunt u ook gemakkelijk te voet via de Deutz brug en geniet daarbij van het prachtige uitzicht op het unieke panorama van de stad en de kathedraal. Ook de\u00a0<a href=\"http:\/\/www.lanxess-arena.de\/\" target=\"_blank\" rel=\"noopener noreferrer\">LANXESS arena<\/a>\u00a0en de beurs van\u00a0<a href=\"http:\/\/www.koelnmesse.de\/\" target=\"_blank\" rel=\"noopener noreferrer\">Koelnmesse<\/a>\u00a0is makkelijk et voet of met de tram binnen 1 tot 2 haltes bereikbaar. <div id=\"lmm_8f5c622f\" style=\"width:100%;\" class=\"mapsmarker markermap marker-1\">\n<div id=\"lmm_map_8f5c622f\" class=\"lmm-map\" style=\"background:#f6f6f6;border:1px solid #ccc;height:360px; overflow:hidden;padding:0;\"><p style=\"font-size:80%;color:#9f9e9e;margin-left:5px;\">kaart is aan het laden - een ogenblik geduld aub...<noscript><br\/><strong>De kaart kon niet geladen worden - activeer Javascript alstublieft!<\/strong><br\/><a style=\"text-decoration:none;\" href=\"https:\/\/www.mapsmarker.com\/js-disabled\" target=\"_blank\">&rarr; meer informatie<\/a><\/noscript><\/p><\/div>\n<div id=\"lmm_geo_tags_8f5c622f\" class=\"lmm-geo-tags geo\">\n<span class=\"paneltext\">Pension am Helenenwall<\/span>\n<span class=\"latitude\">50.933474<\/span>, <span class=\"longitude\">6.973938<\/span>\n<span class=\"popuptext\">Pension am HelenenwallHelenenwallstra\u00dfe 28,50679 K\u00f6lnTelefon: +49 221 3561460helenenwall.de<\/span>\n<\/div>\n<\/div><\/p>\n<h3>Aankomst per trein:<\/h3>\n<p>Ons pension is zeer goed te bereiken met het openbaar vervoer. Het <a title=\"Keulen Messe\/Deutz (K\u00f6ln Messe\/Deutz)\" href=\"http:\/\/www.bahnhof.de\/bahnhof-de\/K%C3%B6ln_Messe-Deutz.html?lang=nl\" target=\"_blank\" rel=\"noopener noreferrer\">Station K\u00f6ln Messe\/Deutz<\/a>\u00a0is slechts ca. 800m van ons verwijderd. De afstand tot het\u00a0<a title=\"Keulen Centraal Station (K\u00f6ln Hbf.)\" href=\"http:\/\/www.bahnhof.de\/bahnhof-de\/Koeln_Hbf.html?lang=nl\" target=\"_blank\" rel=\"noopener noreferrer\">K\u00f6lner Centraal Station<\/a>\u00a0is minder als 2km. De tramhaltes &#8220;Suevenstra\u00dfe&#8221; (lijn 3 en 4) en &#8220;Severinsbr\u00fccke&#8221; (lijn 7) liggen in de buurt van ons gebouw. Van de luchthaven K\u00f6ln\/Bonn (\u2708<a href=\"http:\/\/www.cgn.de\/\" target=\"_blank\" rel=\"noopener noreferrer\">CGN<\/a>) bereikt u comfortabel het station &#8220;<a title=\"Keulen Messe\/Deutz (K\u00f6ln Messe\/Deutz)\" href=\"http:\/\/www.bahnhof.de\/bahnhof-de\/K%C3%B6ln_Messe-Deutz.html?lang=nl\" target=\"_blank\" rel=\"noopener noreferrer\">K\u00f6ln Messe\/Deutz<\/a>&#8221; met de trein (lijn S13, S19, RE6a, RE8). <div id=\"lmm_5186ec32\" style=\"width:100%;\" class=\"mapsmarker layermap layer-2\">\n<div id=\"lmm_map_5186ec32\" class=\"lmm-map\" style=\"background:#f6f6f6;border:1px solid #ccc;height:300px; overflow:hidden;padding:0;\"><p style=\"font-size:80%;color:#9f9e9e;margin-left:5px;\">kaart is aan het laden - een ogenblik geduld aub...<noscript><br\/><strong>De kaart kon niet geladen worden - activeer Javascript alstublieft!<\/strong><br\/><a style=\"text-decoration:none;\" href=\"https:\/\/www.mapsmarker.com\/js-disabled\" target=\"_blank\">&rarr; meer informatie<\/a><\/noscript><\/p><\/div>\n<div id=\"lmm_geo_tags_5186ec32_19\" class=\"lmm-geo-tags geo\">Pension am Helenenwall: <span class=\"latitude\">50.933531<\/span>, <span class=\"longitude\">6.973981<\/span><\/div>\n<div id=\"lmm_geo_tags_5186ec32_20\" class=\"lmm-geo-tags geo\">K\u00f6ln Hbf. \/ Cologne Central Station: <span class=\"latitude\">50.941989<\/span>, <span class=\"longitude\">6.959410<\/span><\/div>\n<div id=\"lmm_geo_tags_5186ec32_21\" class=\"lmm-geo-tags geo\">Bf. K\u00f6ln Messe\/Deutz | Station Cologne Trade Fair\/Deutz: <span class=\"latitude\">50.940366<\/span>, <span class=\"longitude\">6.974301<\/span><\/div>\n<div id=\"lmm_geo_tags_5186ec32_22\" class=\"lmm-geo-tags geo\">Suevenstra\u00dfe (Stadtbahn\/Tram): <span class=\"latitude\">50.932767<\/span>, <span class=\"longitude\">6.976404<\/span><\/div>\n<div id=\"lmm_geo_tags_5186ec32_23\" class=\"lmm-geo-tags geo\">Severinsbr\u00fccke (Stadtbahn\/Tram): <span class=\"latitude\">50.930738<\/span>, <span class=\"longitude\">6.972198<\/span><\/div>\n<div id=\"lmm_geo_tags_5186ec32_24\" class=\"lmm-geo-tags geo\">Deutzer Freiheit (Stadtbahn\/Tram): <span class=\"latitude\">50.936742<\/span>, <span class=\"longitude\">6.971254<\/span><\/div>\n<\/div><!--more--><\/p>\n<h3>Aankomst met de auto:<\/h3>\n<p>Als u met de auto aankomt, houdt u er dan rekening mee dat de <strong>milieuzone<\/strong> in de stad Keulen alleen opengesteld is voor voertuigen met een groene emissiesticker. Meer informatie kunt u krijgen bij de <a href=\"http:\/\/www.stadt-koeln.de\/3\/umwelt\/umweltzone\/\" target=\"_blank\" rel=\"noopener noreferrer\">gemeente<\/a>\u00a0of op deze website:\u00a0<a href=\"http:\/\/www.umwelt-plakette.de\/\" target=\"_blank\" rel=\"noopener noreferrer\">www.umwelt-plakette.de<\/a>. U kunt parkeren op de openbare parkeerplaatsen voor lang parkeren in de buurt voor ongeveer 5 Euro per 24 uur. Zo bevindt zich onder de oprit naar de nabijgelegen Severinsbrug, op ca. 200m afstand, een grote, openbare parkeerplaats. <div id=\"lmm_b1a9b2a6\" style=\"width:100%;\" class=\"mapsmarker layermap layer-3\">\n<div id=\"lmm_map_b1a9b2a6\" class=\"lmm-map\" style=\"background:#f6f6f6;border:1px solid #ccc;height:340px; overflow:hidden;padding:0;\"><p style=\"font-size:80%;color:#9f9e9e;margin-left:5px;\">kaart is aan het laden - een ogenblik geduld aub...<noscript><br\/><strong>De kaart kon niet geladen worden - activeer Javascript alstublieft!<\/strong><br\/><a style=\"text-decoration:none;\" href=\"https:\/\/www.mapsmarker.com\/js-disabled\" target=\"_blank\">&rarr; meer informatie<\/a><\/noscript><\/p><\/div>\n<div id=\"lmm_geo_tags_b1a9b2a6\" class=\"lmm-geo-tags geo\">Multiparken: <span class=\"latitude\">50.932199<\/span>, <span class=\"longitude\">6.973057<\/span><\/div>\n<\/div><\/p>\n<h3>Hier vindt u complete stratenplannen:<\/h3>\n<ul>\n<li><a title=\"Stadtplan\" href=\"https:\/\/helenenwall.de\/index.php\/lage\/stadtplan\/\">Stratenplan met een aantal POI<\/a><\/li>\n<li><a title=\"Googlemap\" href=\"https:\/\/helenenwall.de\/index.php\/lage\/googlemap\/\">Googlemaps met Streetview<\/a><\/li>\n<\/ul>\n<p><\/p>","protected":false},"excerpt":{"rendered":"<p>Onze verontschuldigingen, dit bericht is alleen beschikbaar in Deutsch.<\/p>\n","protected":false},"author":1,"featured_media":3308,"parent":0,"menu_order":50,"comment_status":"closed","ping_status":"open","template":"","meta":{"footnotes":""},"class_list":["post-323","page","type-page","status-publish","has-post-thumbnail","hentry"],"_links":{"self":[{"href":"https:\/\/helenenwall.de\/nl\/wp-json\/wp\/v2\/pages\/323","targetHints":{"allow":["GET"]}}],"collection":[{"href":"https:\/\/helenenwall.de\/nl\/wp-json\/wp\/v2\/pages"}],"about":[{"href":"https:\/\/helenenwall.de\/nl\/wp-json\/wp\/v2\/types\/page"}],"author":[{"embeddable":true,"href":"https:\/\/helenenwall.de\/nl\/wp-json\/wp\/v2\/users\/1"}],"replies":[{"embeddable":true,"href":"https:\/\/helenenwall.de\/nl\/wp-json\/wp\/v2\/comments?post=323"}],"version-history":[{"count":0,"href":"https:\/\/helenenwall.de\/nl\/wp-json\/wp\/v2\/pages\/323\/revisions"}],"wp:featuredmedia":[{"embeddable":true,"href":"https:\/\/helenenwall.de\/nl\/wp-json\/wp\/v2\/media\/3308"}],"wp:attachment":[{"href":"https:\/\/helenenwall.de\/nl\/wp-json\/wp\/v2\/media?parent=323"}],"curies":[{"name":"wp","href":"https:\/\/api.w.org\/{rel}","templated":true}]}}