{"id":100,"date":"2012-03-09T17:18:10","date_gmt":"2012-03-09T16:18:10","guid":{"rendered":"http:\/\/helenenwall.de\/wordpress\/?page_id=100"},"modified":"2024-02-05T10:47:33","modified_gmt":"2024-02-05T09:47:33","slug":"kontakt","status":"publish","type":"page","link":"https:\/\/helenenwall.de\/nl\/kontakt\/","title":{"rendered":"Contact"},"content":{"rendered":"<p><\/p>\n<p align=\"left\">Pension am Helenenwall<br \/>\nHelenenwallstra\u00dfe 28<br \/>\nD-50679 K\u00f6ln-Deutz (Keulen)<br \/>\nDuitsland<\/p>\n<table style=\"width: 100%;\" border=\"0\">\n<tbody>\n<tr>\n<td style=\"text-align: left;\" valign=\"top\"><strong>Telefoon:<\/strong><\/td>\n<td><strong><a href=\"tel:+492213561460\">+49-221-3561460<\/a><\/strong><br \/>\nGelieve oproepen tijdens de nachtelijke uren te voorkomen.<\/td>\n<\/tr>\n<tr>\n<td style=\"text-align: left;\"><strong>skype:<\/strong><\/td>\n<td><a href=\"skype:helenenwall\">helenenwall<\/a><\/td>\n<\/tr>\n<tr>\n<td valign=\"top\"><strong>WhatsApp:<\/strong><\/td>\n<td><a href=\"https:\/\/api.whatsapp.com\/send?phone=491776801695\">click to chat<\/a><\/td>\n<\/tr>\n<tr>\n<td><strong>Fax:<\/strong><\/td>\n<td>+49-221-35519596<\/td>\n<\/tr>\n<tr>\n<td valign=\"top\"><strong>e-mail:<\/strong><\/td>\n<td><a href=\"mailto:pension@helenenwall.de\">pension@helenenwall.de<\/a>\u00a0oder\u00a0 <a title=\"E-mail\" href=\"https:\/\/helenenwall.de\/wordpress\/?page_id=132&amp;lang=nl\">contact formulier<\/a><\/td>\n<\/tr>\n<tr>\n<td valign=\"top\"><strong>Telegram:<\/strong><\/td>\n<td><a href=\"https:\/\/t.me\/helenenwall\">helenenwall<\/a><\/td>\n<\/tr>\n<tr>\n<td><strong>Boeken:<\/strong><\/td>\n<td>Een kamer te reserveren, klikt u op <a class=\"RoomRaccoonButton1 RoomRaccoonButton1-nl\" style=\"position: relative; font-size: 17px; line-height: 36px; padding: 7px 16px; border: none; border-radius: 5px; background: #cd2653; color: #ffffff; cursor: pointer; text-decoration: none;\" href=\"https:\/\/w34.cloudrooms.nl\/pension-am-helenenwall\" target=\"_blank\" rel=\"noopener noreferrer\">Boeken<\/a><\/td>\n<\/tr>\n<\/tbody>\n<\/table>\n<p>&nbsp;<\/p>\n<p>Wenn Sie uns kontaktieren willigen Sie in die Speicherung und Verarbeitung Ihrer dabei \u00fcbermittelten personenbezogenen Daten gem\u00e4\u00df unserer <a href=\"https:\/\/helenenwall.de\/index.php\/impressum\/datenschutz\/\">Datenschutzerkl\u00e4rung<\/a> ein.<\/p>","protected":false},"excerpt":{"rendered":"<p>Pension am Helenenwall Helenenwallstra\u00dfe 28 D-50679 K\u00f6ln-Deutz (Keulen) Duitsland Telefoon: +49-221-3561460 Gelieve oproepen tijdens de nachtelijke uren te voorkomen. skype: helenenwall WhatsApp: click to chat Fax: +49-221-35519596 e-mail: pension@helenenwall.de\u00a0oder\u00a0 contact formulier Telegram: helenenwall Boeken: Een kamer te reserveren, klikt u &hellip; <a href=\"https:\/\/helenenwall.de\/nl\/kontakt\/\">Lees verder <span class=\"meta-nav\">&rarr;<\/span><\/a><\/p>\n","protected":false},"author":1,"featured_media":3308,"parent":0,"menu_order":60,"comment_status":"closed","ping_status":"open","template":"","meta":{"footnotes":""},"class_list":["post-100","page","type-page","status-publish","has-post-thumbnail","hentry"],"_links":{"self":[{"href":"https:\/\/helenenwall.de\/nl\/wp-json\/wp\/v2\/pages\/100","targetHints":{"allow":["GET"]}}],"collection":[{"href":"https:\/\/helenenwall.de\/nl\/wp-json\/wp\/v2\/pages"}],"about":[{"href":"https:\/\/helenenwall.de\/nl\/wp-json\/wp\/v2\/types\/page"}],"author":[{"embeddable":true,"href":"https:\/\/helenenwall.de\/nl\/wp-json\/wp\/v2\/users\/1"}],"replies":[{"embeddable":true,"href":"https:\/\/helenenwall.de\/nl\/wp-json\/wp\/v2\/comments?post=100"}],"version-history":[{"count":7,"href":"https:\/\/helenenwall.de\/nl\/wp-json\/wp\/v2\/pages\/100\/revisions"}],"predecessor-version":[{"id":3690,"href":"https:\/\/helenenwall.de\/nl\/wp-json\/wp\/v2\/pages\/100\/revisions\/3690"}],"wp:featuredmedia":[{"embeddable":true,"href":"https:\/\/helenenwall.de\/nl\/wp-json\/wp\/v2\/media\/3308"}],"wp:attachment":[{"href":"https:\/\/helenenwall.de\/nl\/wp-json\/wp\/v2\/media?parent=100"}],"curies":[{"name":"wp","href":"https:\/\/api.w.org\/{rel}","templated":true}]}}